{"id":438,"date":"2021-08-09T20:05:35","date_gmt":"2021-08-09T18:05:35","guid":{"rendered":"http:\/\/192.168.100.241\/?page_id=438"},"modified":"2021-10-05T00:28:22","modified_gmt":"2021-10-04T22:28:22","slug":"kontakt","status":"publish","type":"page","link":"https:\/\/www.studioklima.pl\/index.php\/dsdfsdfs\/kontakt\/","title":{"rendered":"Kontakt"},"content":{"rendered":"<div id=\"modal-ready\">\n<div class=\"wp-block-group alignfull\"><div class=\"wp-block-group__inner-container\">\n<div class=\"wp-block-cover alignfull has-background-dim-10 has-background-dim\" style=\"min-height:300px\"><img loading=\"lazy\" width=\"2420\" height=\"523\" class=\"wp-block-cover__image-background wp-image-1106\" alt=\"\" src=\"https:\/\/www.studioklima.pl\/wp-content\/uploads\/2021\/10\/AdobeStock_302207786_SK3-1.png\" style=\"object-position:48% 53%\" data-object-fit=\"cover\" data-object-position=\"48% 53%\" srcset=\"https:\/\/www.studioklima.pl\/wp-content\/uploads\/2021\/10\/AdobeStock_302207786_SK3-1.png 2420w, https:\/\/www.studioklima.pl\/wp-content\/uploads\/2021\/10\/AdobeStock_302207786_SK3-1-300x65.png 300w, https:\/\/www.studioklima.pl\/wp-content\/uploads\/2021\/10\/AdobeStock_302207786_SK3-1-1024x221.png 1024w, https:\/\/www.studioklima.pl\/wp-content\/uploads\/2021\/10\/AdobeStock_302207786_SK3-1-768x166.png 768w, https:\/\/www.studioklima.pl\/wp-content\/uploads\/2021\/10\/AdobeStock_302207786_SK3-1-1536x332.png 1536w, https:\/\/www.studioklima.pl\/wp-content\/uploads\/2021\/10\/AdobeStock_302207786_SK3-1-2048x443.png 2048w, https:\/\/www.studioklima.pl\/wp-content\/uploads\/2021\/10\/AdobeStock_302207786_SK3-1-18x4.png 18w, https:\/\/www.studioklima.pl\/wp-content\/uploads\/2021\/10\/AdobeStock_302207786_SK3-1-500x108.png 500w, https:\/\/www.studioklima.pl\/wp-content\/uploads\/2021\/10\/AdobeStock_302207786_SK3-1-800x173.png 800w, https:\/\/www.studioklima.pl\/wp-content\/uploads\/2021\/10\/AdobeStock_302207786_SK3-1-1280x277.png 1280w, https:\/\/www.studioklima.pl\/wp-content\/uploads\/2021\/10\/AdobeStock_302207786_SK3-1-1920x415.png 1920w\" sizes=\"(max-width: 2420px) 100vw, 2420px\" \/><div class=\"wp-block-cover__inner-container\"><div class=\"gb-container gb-container-6e356ee6\"><div class=\"gb-inside-container\"><\/div><\/div><\/div><\/div>\n<\/div><\/div>\n\n\n\n<div style=\"height:50px\" aria-hidden=\"true\" class=\"wp-block-spacer\"><\/div>\n\n\n\n<div class=\"wp-block-group\"><div class=\"wp-block-group__inner-container\">\n<div class=\"wp-block-columns\">\n<div class=\"wp-block-column\" style=\"flex-basis:100%\">\n<div class=\"wp-block-columns\">\n<div class=\"wp-block-column\">\n<div class=\"wp-block-group\"><div class=\"wp-block-group__inner-container\">\n<iframe src=\"https:\/\/www.google.com\/maps\/embed?pb=!1m18!1m12!1m3!1d2443.4220015724213!2d21.083681316195133!3d52.235718179761484!2m3!1f0!2f0!3f0!3m2!1i1024!2i768!4f13.1!3m3!1m2!1s0x471ed3a715a4fbbb%3A0x76dad1b688949fff!2sStudio%20Klima%20Sp.%20z%20o.o.!5e0!3m2!1spl!2spl!4v1629119190645!5m2!1spl!2spl\" width=\"600\" height=\"450\" style=\"border:0;\" allowfullscreen=\"\" loading=\"lazy\"><\/iframe>\n<\/div><\/div>\n<\/div>\n\n\n\n<div class=\"wp-block-column\">\n<h5>Studio Klima Sp. z o.o.<\/h5>\n\n\n\n<p>ul. Ostrobramska 101A<br>04-041 Warszawa<\/p>\n\n\n\n<p>mail: biuro@studioklima.pl<br>tel: +48 22 485 58 58<\/p>\n\n\n\n<p>NIP: 113-291-78-71<br>REGON: 365385299<br>KRS: 0000636742<\/p>\n\n\n\n<p>S\u0105d Rejonowy dla m. st. Warszawy<br>XIII&nbsp;Wydzia\u0142 Gospodarczy<br>Kapita\u0142 zak\u0142adowy 5.000,00 PLN<\/p>\n<\/div>\n<\/div>\n<\/div>\n<\/div>\n<\/div><\/div>\n<\/div>","protected":false},"excerpt":{"rendered":"<p>Studio Klima Sp. z o.o. ul. Ostrobramska 101A04-041 Warszawa mail: biuro@studioklima.pltel: +48 22 485 58 58 NIP: 113-291-78-71REGON: 365385299KRS: 0000636742 S\u0105d Rejonowy dla m. st. WarszawyXIII&nbsp;Wydzia\u0142 GospodarczyKapita\u0142 zak\u0142adowy 5.000,00 PLN<\/p>\n","protected":false},"author":1,"featured_media":1106,"parent":48,"menu_order":0,"comment_status":"closed","ping_status":"closed","template":"","meta":{"advgb_blocks_editor_width":"","advgb_blocks_columns_visual_guide":"","_generate-full-width-content":"","neve_meta_sidebar":"","neve_meta_container":"","neve_meta_enable_content_width":"","neve_meta_content_width":0,"neve_meta_title_alignment":"","neve_meta_author_avatar":"","neve_post_elements_order":"","neve_meta_disable_header":"","neve_meta_disable_footer":"","neve_meta_disable_title":"on","_ti_tpc_template_sync":false,"_ti_tpc_template_id":""},"coauthors":[],"author_meta":{"author_link":"https:\/\/www.studioklima.pl\/index.php\/author\/skadmin\/","display_name":"skadmin"},"relative_dates":{"created":"Posted 5 lat ago","modified":"Updated 5 lat ago"},"absolute_dates":{"created":"Posted on 9 sierpnia 2021","modified":"Updated on 5 pa\u017adziernika 2021"},"absolute_dates_time":{"created":"Posted on 9 sierpnia 2021 20:05","modified":"Updated on 5 pa\u017adziernika 2021 00:28"},"featured_img_caption":"","_links":{"self":[{"href":"https:\/\/www.studioklima.pl\/index.php\/wp-json\/wp\/v2\/pages\/438"}],"collection":[{"href":"https:\/\/www.studioklima.pl\/index.php\/wp-json\/wp\/v2\/pages"}],"about":[{"href":"https:\/\/www.studioklima.pl\/index.php\/wp-json\/wp\/v2\/types\/page"}],"author":[{"embeddable":true,"href":"https:\/\/www.studioklima.pl\/index.php\/wp-json\/wp\/v2\/users\/1"}],"replies":[{"embeddable":true,"href":"https:\/\/www.studioklima.pl\/index.php\/wp-json\/wp\/v2\/comments?post=438"}],"version-history":[{"count":40,"href":"https:\/\/www.studioklima.pl\/index.php\/wp-json\/wp\/v2\/pages\/438\/revisions"}],"predecessor-version":[{"id":1110,"href":"https:\/\/www.studioklima.pl\/index.php\/wp-json\/wp\/v2\/pages\/438\/revisions\/1110"}],"up":[{"embeddable":true,"href":"https:\/\/www.studioklima.pl\/index.php\/wp-json\/wp\/v2\/pages\/48"}],"wp:featuredmedia":[{"embeddable":true,"href":"https:\/\/www.studioklima.pl\/index.php\/wp-json\/wp\/v2\/media\/1106"}],"wp:attachment":[{"href":"https:\/\/www.studioklima.pl\/index.php\/wp-json\/wp\/v2\/media?parent=438"}],"curies":[{"name":"wp","href":"https:\/\/api.w.org\/{rel}","templated":true}]}}